{"id":2302,"date":"2021-02-10T16:06:46","date_gmt":"2021-02-10T16:06:46","guid":{"rendered":"https:\/\/casadomercado.com\/?page_id=2302"},"modified":"2022-11-03T14:47:42","modified_gmt":"2022-11-03T14:47:42","slug":"terms-and-conditions","status":"publish","type":"page","link":"https:\/\/casadomercado.com\/pt\/terms-and-conditions\/","title":{"rendered":"Termos e condi\u00e7\u00f5es"},"content":{"rendered":"<p class=\"p1\"><span class=\"s1\">Aceita\u00e7\u00e3o e vincula\u00e7\u00e3o<\/span><\/p>\r\n<p class=\"p1\"><i>Os presentes termos de utiliza\u00e7\u00e3o (\u201cTermos\u201d) regulam o uso, incluindo o mero acesso, da p\u00e1gina web do HOTEL CASA DO MERCADO, incluindo os conte\u00fados e servi\u00e7os postos \u00e0 disposi\u00e7\u00e3o na mesma (o \u201cSite\u201d).<\/i><\/p>\r\n<p class=\"p1\"><i>Ao aceder e utilizar este Site, o utilizador declara conhecer e aceitar os presentes Termos, acima identificados.Consequentemente, o Utilizador deve ler com aten\u00e7\u00e3o os presentes Termos cada vez que pretenda utilizar o Site.<\/i><\/p>\r\n<p class=\"p2\"><span class=\"Apple-converted-space\">\u00a0<\/span><\/p>\r\n<p class=\"p1\"><span class=\"s1\">Utiliza\u00e7\u00e3o do Site<\/span><\/p>\r\n<p class=\"p1\"><i>A totalidade das informa\u00e7\u00f5es disponibilizadas neste Site s\u00e3o fornecidas tal como se apresentam. O Hotel Casa do Mercado n\u00e3o fornece qualquer garantia, expl\u00edcita ou impl\u00edcita, e n\u00e3o assume qualquer responsabilidade relativa \u00e0 utiliza\u00e7\u00e3o da informa\u00e7\u00e3o contida neste Site.<\/i><\/p>\r\n<p class=\"p1\"><i>O Utilizador est\u00e1 consciente e aceita, volunt\u00e1ria e expressamente, que o uso do Site se realiza sempre sob a sua \u00fanica e exclusiva responsabilidade.<\/i><\/p>\r\n<p class=\"p2\"><i><span class=\"Apple-converted-space\">\u00a0<\/span><\/i><\/p>\r\n<p class=\"p1\"><span class=\"s1\">Conte\u00fados<\/span><\/p>\r\n<p class=\"p1\"><i>Os conte\u00fados do Site s\u00e3o postos \u00e0 disposi\u00e7\u00e3o do utilizador pelo Hotel Casa do Mercado, com informa\u00e7\u00e3o procedente tanto de fontes pr\u00f3prias como de terceiros.<\/i><\/p>\r\n<p class=\"p1\"><i>O Utilizador \u00e9 exclusivamente respons\u00e1vel por quaisquer danos causados pela sua conduta il\u00edcita ao utilizar o Site.<\/i><\/p>\r\n<p class=\"p2\"><i><span class=\"Apple-converted-space\">\u00a0<\/span><\/i><\/p>\r\n<p class=\"p1\"><span class=\"s1\">Direitos de propriedade intelectual e industrial<\/span><\/p>\r\n<p class=\"p1\"><i>Pelos presentes Termos (ou pelo acesso ao Site, ou utiliza\u00e7\u00e3o dos conte\u00fados e servi\u00e7os) n\u00e3o se cede qualquer direito de propriedade intelectual ou industrial sobre o Site ou sobre qualquer dos seus elementos integrantes, sendo expressamente proibido ao utilizador a reprodu\u00e7\u00e3o, transforma\u00e7\u00e3o, distribui\u00e7\u00e3o, comunica\u00e7\u00e3o p\u00fablica, coloca\u00e7\u00e3o \u00e0 disposi\u00e7\u00e3o, extra\u00e7\u00e3o, reutiliza\u00e7\u00e3o, reenvio ou a utiliza\u00e7\u00e3o de qualquer natureza, por qualquer meio ou procedimento, dos mesmos, salvo nos casos em que seja legalmente permitido ou autorizado pelo titular dos correspondentes direitos.<\/i><\/p>\r\n<p class=\"p1\"><i>O utilizador dever\u00e1 respeitar, em todos os momentos, todos os direitos de propriedade intelectual e industrial sobre do Site, da titularidade do Hotel Casa do Mercado.<\/i><\/p>\r\n<p class=\"p2\"><i><span class=\"Apple-converted-space\">\u00a0<\/span><\/i><\/p>\r\n<p class=\"p1\"><span class=\"s1\">Tratamento de dados pessoais<\/span><\/p>\r\n<p class=\"p1\"><i>O Hotel Casa do Mercado est\u00e1 empenhado em proteger a sua privacidade. Apesar de a navega\u00e7\u00e3o do site n\u00e3o implicar o fornecimento de dados pessoais, recolhemos as informa\u00e7\u00f5es que optar por preencher nos formul\u00e1rios do Site. Para que os dados pessoais recolhidos atrav\u00e9s do preenchimento de formul\u00e1rios sejam utilizados, o Hotel Casa do Mercado proporciona ao utilizador a informa\u00e7\u00e3o necess\u00e1ria para que, previamente, possa prestar o necess\u00e1rio consentimento ao tratamento.<\/i><\/p>\r\n<p class=\"p2\"><i><span class=\"Apple-converted-space\">\u00a0<\/span><\/i><\/p>\r\n<p class=\"p1\"><span class=\"s1\">Aceita\u00e7\u00e3o destes termos<\/span><\/p>\r\n<p class=\"p1\">Ao utilizar este Site concorda com a recolha e uso das suas informa\u00e7\u00f5es, tal como estabelecido nestes Termos e na pol\u00edtica de privacidade. O Hotel Casa do Mercado reserva-se o direito de, a todo o momento e sem aviso pr\u00e9vio, alterar os presentes Termos ou a pol\u00edtica de privacidade, sendo as altera\u00e7\u00f5es publicadas neste Site.<\/p>","protected":false},"excerpt":{"rendered":"<p>Aceita\u00e7\u00e3o e vincula\u00e7\u00e3o Os presentes termos de utiliza\u00e7\u00e3o (\u201cTermos\u201d) regulam o uso, incluindo o mero acesso, da p\u00e1gina web do HOTEL CASA DO MERCADO, incluindo os conte\u00fados e servi\u00e7os postos \u00e0 disposi\u00e7\u00e3o na mesma (o \u201cSite\u201d). Ao aceder e utilizar este Site, o utilizador declara conhecer e aceitar os presentes Termos, acima identificados.Consequentemente, o Utilizador [&hellip;]<\/p>\n","protected":false},"author":1,"featured_media":0,"parent":0,"menu_order":0,"comment_status":"closed","ping_status":"open","template":"","meta":{"inline_featured_image":false,"_joinchat":[],"footnotes":""},"_links":{"self":[{"href":"https:\/\/casadomercado.com\/pt\/wp-json\/wp\/v2\/pages\/2302"}],"collection":[{"href":"https:\/\/casadomercado.com\/pt\/wp-json\/wp\/v2\/pages"}],"about":[{"href":"https:\/\/casadomercado.com\/pt\/wp-json\/wp\/v2\/types\/page"}],"author":[{"embeddable":true,"href":"https:\/\/casadomercado.com\/pt\/wp-json\/wp\/v2\/users\/1"}],"replies":[{"embeddable":true,"href":"https:\/\/casadomercado.com\/pt\/wp-json\/wp\/v2\/comments?post=2302"}],"version-history":[{"count":1,"href":"https:\/\/casadomercado.com\/pt\/wp-json\/wp\/v2\/pages\/2302\/revisions"}],"predecessor-version":[{"id":2802,"href":"https:\/\/casadomercado.com\/pt\/wp-json\/wp\/v2\/pages\/2302\/revisions\/2802"}],"wp:attachment":[{"href":"https:\/\/casadomercado.com\/pt\/wp-json\/wp\/v2\/media?parent=2302"}],"curies":[{"name":"wp","href":"https:\/\/api.w.org\/{rel}","templated":true}]}}