{"id":2794,"date":"2022-11-03T14:38:36","date_gmt":"2022-11-03T14:38:36","guid":{"rendered":"https:\/\/casadomercado.com\/?page_id=2794"},"modified":"2022-11-21T15:24:20","modified_gmt":"2022-11-21T15:24:20","slug":"services","status":"publish","type":"page","link":"https:\/\/casadomercado.com\/pt\/services\/","title":{"rendered":"Servi\u00e7os"},"content":{"rendered":"<p><\/p>\n<p>[vc_row][vc_column]<div style=\"clear:both; width:100%; height:50px\"><\/div>\t\t<div class=\"homey-module module-title section-title-module text-center \">\r\n\t\t\t<h2 >Servi\u00e7os<\/h2>\r\n\r\n\t\t\t<p  class=\"sub-heading\"><\/p>\r\n\t\t<\/div>\r\n\t\t[vc_row_inner][vc_column_inner]\t\t<div class=\"homey-module module-title section-title-module text-left \">\r\n\t\t\t<h2 style=\"font-size: 20px; \">Transfer<\/h2>\r\n\r\n\t\t\t<p  class=\"sub-heading\"><\/p>\r\n\t\t<\/div>\r\n\t\t[vc_column_text]<\/p>\n<p data-pm-slice=\"1 1 []\">Para fazer a marca\u00e7\u00e3o do servi\u00e7o de transfer para\/do aeroporto, envie-nos as informa\u00e7\u00f5es listadas abaixo para o email <a href=\"mailto:info@casadomercado.com\">info@casadomercado.com<\/a>. Assim que receber, no email indicado, uma confirma\u00e7\u00e3o da empresa de transfers a sua viagem est\u00e1 marcada.<\/p>\n<p>Nome:<br \/>\nContacto telef\u00f3nico:<br \/>\nEmail:<br \/>\nN\u00famero do voo:<br \/>\nHora de chegada ao aeroporto:<br \/>\nN\u00famero de pessoas:<\/p>\n<p>Os pre\u00e7os:<\/p>\n<ul class=\"ak-ul\">\n<li>40\u20ac (at\u00e9 3 pessoas)<\/li>\n<li>55\u20ac ( 4 pessoas)<\/li>\n<li>60\u20ac ( 5 a 6 pessoas)<\/li>\n<li>65\u20ac ( 7 pessoas)<\/li>\n<\/ul>\n<p data-pm-slice=\"1 1 []\">Obrigada!<\/p>\n<p>[\/vc_column_text][vc_empty_space][\/vc_column_inner][\/vc_row_inner][vc_row_inner][vc_column_inner]\t\t<div class=\"homey-module module-title section-title-module text-left \">\r\n\t\t\t<h2 style=\"font-size: 20px; \">Surf<\/h2>\r\n\r\n\t\t\t<p  class=\"sub-heading\"><\/p>\r\n\t\t<\/div>\r\n\t\t[vc_column_text]<\/p>\n<p data-pm-slice=\"1 1 []\">Para marcar uma aula\/experi\u00eancia de surf, escolha o hor\u00e1rio mais conveniente.<\/p>\n<p>Por norma temos aulas \u00e0s 10:00 e 15:00, mas podem sempre ser alteradas devido \u00e0s condi\u00e7\u00f5es. Somos flex\u00edveis nos hor\u00e1rios.\u200b<\/p>\n<p>Pre\u00e7os:<br \/>\nAula de grupo 30\u20ac<br \/>\nAula privada 55\u20ac<br \/>\nAcresce 5\u20ac de transporte, caso pretenda.<\/p>\n<p>Locais: Carcavelos ou Costa da Caparica, dependendo das condi\u00e7\u00f5es.<\/p>\n<p>A aula inclui seguro, prancha e fato, professores credenciados pela FPS.<\/p>\n<p>INSTAGRAM: @lisbonsurfconnection<br \/>\nFacebook: lisbonsurfconnection<br \/>\nSite: <a href=\"http:\/\/www.lisbonsurfconnection.com\/\">http:\/\/www.lisbonsurfconnection.com<\/a>[\/vc_column_text][vc_empty_space][\/vc_column_inner][\/vc_row_inner]<div style=\"clear:both; width:100%; height:50px\"><\/div>[\/vc_column][\/vc_row]<\/p>\n<p><\/p>","protected":false},"excerpt":{"rendered":"<p>[vc_row][vc_column][vc_row_inner][vc_column_inner][vc_column_text] Para fazer a marca\u00e7\u00e3o do servi\u00e7o de transfer para\/do aeroporto, envie-nos as informa\u00e7\u00f5es listadas abaixo para o email info@casadomercado.com. Assim que receber, no email indicado, uma confirma\u00e7\u00e3o da empresa de transfers a sua viagem est\u00e1 marcada. Nome: Contacto telef\u00f3nico: Email: N\u00famero do voo: Hora de chegada ao aeroporto: N\u00famero de pessoas: Os pre\u00e7os: 40\u20ac [&hellip;]<\/p>\n","protected":false},"author":1,"featured_media":0,"parent":0,"menu_order":0,"comment_status":"closed","ping_status":"closed","template":"template\/template-homepage.php","meta":{"inline_featured_image":false,"_joinchat":[],"footnotes":""},"_links":{"self":[{"href":"https:\/\/casadomercado.com\/pt\/wp-json\/wp\/v2\/pages\/2794"}],"collection":[{"href":"https:\/\/casadomercado.com\/pt\/wp-json\/wp\/v2\/pages"}],"about":[{"href":"https:\/\/casadomercado.com\/pt\/wp-json\/wp\/v2\/types\/page"}],"author":[{"embeddable":true,"href":"https:\/\/casadomercado.com\/pt\/wp-json\/wp\/v2\/users\/1"}],"replies":[{"embeddable":true,"href":"https:\/\/casadomercado.com\/pt\/wp-json\/wp\/v2\/comments?post=2794"}],"version-history":[{"count":5,"href":"https:\/\/casadomercado.com\/pt\/wp-json\/wp\/v2\/pages\/2794\/revisions"}],"predecessor-version":[{"id":2815,"href":"https:\/\/casadomercado.com\/pt\/wp-json\/wp\/v2\/pages\/2794\/revisions\/2815"}],"wp:attachment":[{"href":"https:\/\/casadomercado.com\/pt\/wp-json\/wp\/v2\/media?parent=2794"}],"curies":[{"name":"wp","href":"https:\/\/api.w.org\/{rel}","templated":true}]}}